{"id":676,"date":"2020-09-27T12:43:57","date_gmt":"2020-09-27T12:43:57","guid":{"rendered":"http:\/\/sparkafrica.net\/?page_id=676"},"modified":"2021-09-28T15:23:55","modified_gmt":"2021-09-28T15:23:55","slug":"therapy-vs-coaching","status":"publish","type":"page","link":"https:\/\/sparkafrica.net\/fr\/therapy-vs-coaching\/","title":{"rendered":"Therapie Vs Life Coaching"},"content":{"rendered":"<div data-elementor-type=\"wp-page\" data-elementor-id=\"676\" class=\"elementor elementor-676\" data-elementor-post-type=\"page\">\n\t\t\t\t\t\t<section class=\"elementor-section elementor-top-section elementor-element elementor-element-7fd9f081 elementor-section-full_width elementor-section-height-default elementor-section-height-default\" data-id=\"7fd9f081\" data-element_type=\"section\">\n\t\t\t\t\t\t<div class=\"elementor-container elementor-column-gap-default\">\n\t\t\t\t\t<div class=\"elementor-column elementor-col-33 elementor-top-column elementor-element elementor-element-6a92b01\" data-id=\"6a92b01\" data-element_type=\"column\">\n\t\t\t<div class=\"elementor-widget-wrap elementor-element-populated\">\n\t\t\t\t\t\t<div class=\"elementor-element elementor-element-62d5bd01 elementor-widget elementor-widget-heading\" data-id=\"62d5bd01\" data-element_type=\"widget\" data-widget_type=\"heading.default\">\n\t\t\t\t<div class=\"elementor-widget-container\">\n\t\t\t<h2 class=\"elementor-heading-title elementor-size-default translation-block\">THERAPIE VS <b>LIFE COACHING?<\/b><\/h2>\t\t<\/div>\n\t\t\t\t<\/div>\n\t\t\t\t\t<\/div>\n\t\t<\/div>\n\t\t\t\t<div class=\"elementor-column elementor-col-33 elementor-top-column elementor-element elementor-element-3623c4c\" data-id=\"3623c4c\" data-element_type=\"column\">\n\t\t\t<div class=\"elementor-widget-wrap elementor-element-populated\">\n\t\t\t\t\t\t<div class=\"elementor-element elementor-element-53f1281a elementor-widget elementor-widget-text-editor\" data-id=\"53f1281a\" data-element_type=\"widget\" data-widget_type=\"text-editor.default\">\n\t\t\t\t<div class=\"elementor-widget-container\">\n\t\t\t\t\t\t\t<p class=\" translation-block\">Le Life Coaching et la th\u00e9rapie sont tous deux d'excellents outils de d\u00e9couverte de soi. Et bien qu'il puisse y avoir un certain chevauchement entre les deux, en ce sens qu'ils vous aident \u00e0 mieux vous comprendre, ils diff\u00e8rent \u00e0 la fois dans leur <strong>objectif<\/strong> et leur <strong>approche.<\/strong><\/p><p>Le coaching est une discipline dynamique con\u00e7ue pour motiver et inspirer les gens \u00e0 accomplir plus que ce qu\u2019ils imaginent pouvoir faire. Si vous voulez passer \u00e0 la vitesse sup\u00e9rieure dans votre vie, et y apporter des changements positifs, le Life Coaching est fait pour vous.<\/p>\t\t\t\t\t\t<\/div>\n\t\t\t\t<\/div>\n\t\t\t\t<div class=\"elementor-element elementor-element-73de7d4 therapytable elementor-widget elementor-widget-text-editor\" data-id=\"73de7d4\" data-element_type=\"widget\" data-widget_type=\"text-editor.default\">\n\t\t\t\t<div class=\"elementor-widget-container\">\n\t\t\t\t\t\t\t<table width=\"569\"><thead><tr><td><p style=\"text-align: center;\"><strong>THERAPIE<\/strong><\/p><\/td><td><p style=\"text-align: center;\"><strong>COACHING<\/strong><\/p><\/td><\/tr><\/thead><tbody><tr><td><p>Focus sur le pass\u00e9<\/p><\/td><td><p style=\"text-align: center;\">Focus sur l\u2019avenir<\/p><\/td><\/tr><tr><td><p style=\"text-align: center;\">Revue de son histoire<\/p><\/td><td><p style=\"text-align: center;\">Orient\u00e9 vers le futur<\/p><\/td><\/tr><tr><td><p style=\"text-align: center;\">Focus sur le pourquoi?<\/p><\/td><td><p style=\"text-align: center;\">Focus sur le Quoi? Quand? Comment?<\/p><\/td><\/tr><tr><td><p style=\"text-align: center;\">Cherche \u00e0 \u00e9vacuer la souffrance<\/p><\/td><td><p style=\"text-align: center;\">Cherche \u00e0 redonner le pouvoir<\/p><\/td><\/tr><tr><td><p style=\"text-align: center;\">Demande \u00ab Quel est le probl\u00e8me \u00bb<\/p><\/td><td><p style=\"text-align: center;\">Ask \u201cwhat\u2019s possible?&#8221;<\/p><\/td><\/tr><tr><td><p style=\"text-align: center;\">Approche ax\u00e9e sur la r\u00e9flexion<\/p><\/td><td><p style=\"text-align: center;\">Approche ax\u00e9e sur l\u2019action<\/p><\/td><\/tr><tr><td><p style=\"text-align: center;\">Approche centr\u00e9e sur le probl\u00e8me<\/p><\/td><td><p style=\"text-align: center;\">Action &amp; Results driven<\/p><\/td><\/tr><tr><td><p style=\"text-align: center;\">Orient\u00e9 Probl\u00e8me<\/p><\/td><td><p style=\"text-align: center;\">Orient\u00e9 Solution<\/p><\/td><\/tr><tr><td><p style=\"text-align: center;\">Pratique bas\u00e9e sur le mod\u00e8le m\u00e9dical<\/p><\/td><td><p style=\"text-align: center;\">Pratique bas\u00e9e sur le d\u00e9veloppement personnel<\/p><\/td><\/tr><tr><td><p style=\"text-align: center;\">Voit les clients comme des patients<\/p><\/td><td><p style=\"text-align: center;\">Voit les clients comme des partenaires cr\u00e9atifs et plein de ressources<\/p><\/td><\/tr><\/tbody><\/table>\t\t\t\t\t\t<\/div>\n\t\t\t\t<\/div>\n\t\t\t\t\t<\/div>\n\t\t<\/div>\n\t\t\t\t<div class=\"elementor-column elementor-col-33 elementor-top-column elementor-element elementor-element-3832798b\" data-id=\"3832798b\" data-element_type=\"column\">\n\t\t\t<div class=\"elementor-widget-wrap\">\n\t\t\t\t\t\t\t<\/div>\n\t\t<\/div>\n\t\t\t\t\t<\/div>\n\t\t<\/section>\n\t\t\t\t<section class=\"elementor-section elementor-top-section elementor-element elementor-element-23b397cf elementor-section-boxed elementor-section-height-default elementor-section-height-default\" data-id=\"23b397cf\" data-element_type=\"section\">\n\t\t\t\t\t\t<div class=\"elementor-container elementor-column-gap-default\">\n\t\t\t\t\t<div class=\"elementor-column elementor-col-33 elementor-top-column elementor-element elementor-element-4c79f7\" data-id=\"4c79f7\" data-element_type=\"column\">\n\t\t\t<div class=\"elementor-widget-wrap\">\n\t\t\t\t\t\t\t<\/div>\n\t\t<\/div>\n\t\t\t\t<div class=\"elementor-column elementor-col-33 elementor-top-column elementor-element elementor-element-c772173\" data-id=\"c772173\" data-element_type=\"column\">\n\t\t\t<div class=\"elementor-widget-wrap elementor-element-populated\">\n\t\t\t\t\t\t<div class=\"elementor-element elementor-element-fc30361 elementor-align-center elementor-widget elementor-widget-button\" data-id=\"fc30361\" data-element_type=\"widget\" data-widget_type=\"button.default\">\n\t\t\t\t<div class=\"elementor-widget-container\">\n\t\t\t\t\t<div class=\"elementor-button-wrapper\">\n\t\t\t<a class=\"elementor-button elementor-button-link elementor-size-sm\" href=\"https:\/\/sparkafrica.net\/fr\/book-free-session\/\">\n\t\t\t\t\t\t<span class=\"elementor-button-content-wrapper\">\n\t\t\t\t\t\t<span class=\"elementor-button-text\">RESERVEZ VOTRE SESSION DE COACHING GRATUITE<\/span>\n\t\t<\/span>\n\t\t\t\t\t<\/a>\n\t\t<\/div>\n\t\t\t\t<\/div>\n\t\t\t\t<\/div>\n\t\t\t\t\t<\/div>\n\t\t<\/div>\n\t\t\t\t<div class=\"elementor-column elementor-col-33 elementor-top-column elementor-element elementor-element-5e595b41\" data-id=\"5e595b41\" data-element_type=\"column\">\n\t\t\t<div class=\"elementor-widget-wrap\">\n\t\t\t\t\t\t\t<\/div>\n\t\t<\/div>\n\t\t\t\t\t<\/div>\n\t\t<\/section>\n\t\t\t\t<\/div>","protected":false},"excerpt":{"rendered":"<p>THERAPY VS COACHING? Life coaching and therapy are both great tools for self-discovery. And while there may be some overlap between the two, in that they help you understand yourself better, they do differ in both their focus and their approach. Coaching is a dynamic discipline designed to help motivate and inspire people to achieve &#8230; <a title=\"Therapie Vs Life Coaching\" class=\"read-more\" href=\"https:\/\/sparkafrica.net\/fr\/therapy-vs-coaching\/\" aria-label=\"More on Therapy vs Coaching\">Read more<\/a><\/p>","protected":false},"author":2,"featured_media":0,"parent":0,"menu_order":0,"comment_status":"closed","ping_status":"closed","template":"elementor_header_footer","meta":{"_monsterinsights_skip_tracking":false,"_monsterinsights_sitenote_active":false,"_monsterinsights_sitenote_note":"","_monsterinsights_sitenote_category":0,"footnotes":""},"_links":{"self":[{"href":"https:\/\/sparkafrica.net\/fr\/wp-json\/wp\/v2\/pages\/676"}],"collection":[{"href":"https:\/\/sparkafrica.net\/fr\/wp-json\/wp\/v2\/pages"}],"about":[{"href":"https:\/\/sparkafrica.net\/fr\/wp-json\/wp\/v2\/types\/page"}],"author":[{"embeddable":true,"href":"https:\/\/sparkafrica.net\/fr\/wp-json\/wp\/v2\/users\/2"}],"replies":[{"embeddable":true,"href":"https:\/\/sparkafrica.net\/fr\/wp-json\/wp\/v2\/comments?post=676"}],"version-history":[{"count":51,"href":"https:\/\/sparkafrica.net\/fr\/wp-json\/wp\/v2\/pages\/676\/revisions"}],"predecessor-version":[{"id":3948,"href":"https:\/\/sparkafrica.net\/fr\/wp-json\/wp\/v2\/pages\/676\/revisions\/3948"}],"wp:attachment":[{"href":"https:\/\/sparkafrica.net\/fr\/wp-json\/wp\/v2\/media?parent=676"}],"curies":[{"name":"wp","href":"https:\/\/api.w.org\/{rel}","templated":true}]}}