{"id":661,"date":"2020-09-27T13:37:08","date_gmt":"2020-09-27T13:37:08","guid":{"rendered":"http:\/\/sparkafrica.net\/?page_id=661"},"modified":"2021-09-28T15:10:19","modified_gmt":"2021-09-28T15:10:19","slug":"about-spark","status":"publish","type":"page","link":"https:\/\/sparkafrica.net\/fr\/about-spark\/","title":{"rendered":"About Spark"},"content":{"rendered":"<div data-elementor-type=\"wp-page\" data-elementor-id=\"661\" class=\"elementor elementor-661\" data-elementor-post-type=\"page\">\n\t\t\t\t\t\t<section class=\"elementor-section elementor-top-section elementor-element elementor-element-6a7a6e9c elementor-section-full_width elementor-section-height-default elementor-section-height-default\" data-id=\"6a7a6e9c\" data-element_type=\"section\">\n\t\t\t\t\t\t<div class=\"elementor-container elementor-column-gap-default\">\n\t\t\t\t\t<div class=\"elementor-column elementor-col-33 elementor-top-column elementor-element elementor-element-66185f73\" data-id=\"66185f73\" data-element_type=\"column\">\n\t\t\t<div class=\"elementor-widget-wrap elementor-element-populated\">\n\t\t\t\t\t\t<div class=\"elementor-element elementor-element-84aaa94 elementor-widget elementor-widget-image\" data-id=\"84aaa94\" data-element_type=\"widget\" data-widget_type=\"image.default\">\n\t\t\t\t<div class=\"elementor-widget-container\">\n\t\t\t\t\t\t\t\t\t\t\t\t\t<img fetchpriority=\"high\" decoding=\"async\" width=\"1024\" height=\"366\" src=\"https:\/\/sparkafrica.net\/wp-content\/uploads\/2019\/09\/SPARK-LOGO-whitepng-1024x366.png\" class=\"attachment-large size-large wp-image-10\" alt=\"\" srcset=\"https:\/\/sparkafrica.net\/wp-content\/uploads\/2019\/09\/SPARK-LOGO-whitepng-1024x366.png 1024w, https:\/\/sparkafrica.net\/wp-content\/uploads\/2019\/09\/SPARK-LOGO-whitepng-600x214.png 600w, https:\/\/sparkafrica.net\/wp-content\/uploads\/2019\/09\/SPARK-LOGO-whitepng-300x107.png 300w, https:\/\/sparkafrica.net\/wp-content\/uploads\/2019\/09\/SPARK-LOGO-whitepng-768x274.png 768w, https:\/\/sparkafrica.net\/wp-content\/uploads\/2019\/09\/SPARK-LOGO-whitepng-1568x560.png 1568w\" sizes=\"(max-width: 1024px) 100vw, 1024px\" \/>\t\t\t\t\t\t\t\t\t\t\t\t\t<\/div>\n\t\t\t\t<\/div>\n\t\t\t\t<div class=\"elementor-element elementor-element-51bf512e elementor-hidden-desktop elementor-hidden-tablet elementor-hidden-phone elementor-widget elementor-widget-heading\" data-id=\"51bf512e\" data-element_type=\"widget\" data-widget_type=\"heading.default\">\n\t\t\t\t<div class=\"elementor-widget-container\">\n\t\t\t<h2 class=\"elementor-heading-title elementor-size-default\"><b>SPARK<\/b><br>BEGIN<br>FROM WITHIN<span style=\"font-style: inherit;\"><\/span><br><\/h2>\t\t<\/div>\n\t\t\t\t<\/div>\n\t\t\t\t\t<\/div>\n\t\t<\/div>\n\t\t\t\t<div class=\"elementor-column elementor-col-33 elementor-top-column elementor-element elementor-element-5f5d2d9d\" data-id=\"5f5d2d9d\" data-element_type=\"column\">\n\t\t\t<div class=\"elementor-widget-wrap elementor-element-populated\">\n\t\t\t\t\t\t<div class=\"elementor-element elementor-element-712d511f elementor-widget elementor-widget-text-editor\" data-id=\"712d511f\" data-element_type=\"widget\" data-widget_type=\"text-editor.default\">\n\t\t\t\t<div class=\"elementor-widget-container\">\n\t\t\t\t\t\t\t<p class=\" translation-block\"><p>J'ai cr\u00e9\u00e9 <strong>SPARK AFRICA<\/strong> en 2018 et ma mission est vous aider \u00e0 <strong>d\u00e9couvrir votre \u00e9tincelle, lib\u00e9rer votre potentiel <\/strong>et vivre <strong>heureux et combl\u00e9.<\/strong><\/p><\/p><p class=\" translation-block\">L\u2019\u00e9tincelle est le <strong>g\u00e9nie cr\u00e9atif, la lumi\u00e8re, la passion <\/strong>\u00e0 l\u2019int\u00e9rieur de chacun d\u2019entre nous qui a \u00e9t\u00e9 oubli\u00e9e et enfouie au plus profond de nous. Et la plupart d'entre nous ont perdu de vue la connexion spirituelle qui donne \u00e0 notre vie un sens, un but et une direction claire.<\/p><p class=\" translation-block\"><strong>D\u00e9couvrir votre \u00e9tincelle<\/strong> est un <strong>voyage vers votre c\u0153ur, vers votre essence, vers qui vous \u00eates vraiment.<\/strong><\/p>\t\t\t\t\t\t<\/div>\n\t\t\t\t<\/div>\n\t\t\t\t\t<\/div>\n\t\t<\/div>\n\t\t\t\t<div class=\"elementor-column elementor-col-33 elementor-top-column elementor-element elementor-element-79acb02\" data-id=\"79acb02\" data-element_type=\"column\">\n\t\t\t<div class=\"elementor-widget-wrap\">\n\t\t\t\t\t\t\t<\/div>\n\t\t<\/div>\n\t\t\t\t\t<\/div>\n\t\t<\/section>\n\t\t\t\t<section class=\"elementor-section elementor-top-section elementor-element elementor-element-10f09ea6 elementor-section-full_width elementor-section-height-min-height elementor-section-content-middle elementor-section-height-default elementor-section-items-middle\" data-id=\"10f09ea6\" data-element_type=\"section\">\n\t\t\t\t\t\t<div class=\"elementor-container elementor-column-gap-no\">\n\t\t\t\t\t<div class=\"elementor-column elementor-col-33 elementor-top-column elementor-element elementor-element-1e37668b\" data-id=\"1e37668b\" data-element_type=\"column\">\n\t\t\t<div class=\"elementor-widget-wrap elementor-element-populated\">\n\t\t\t\t\t\t<div class=\"elementor-element elementor-element-64fae751 elementor-widget elementor-widget-image\" data-id=\"64fae751\" data-element_type=\"widget\" data-widget_type=\"image.default\">\n\t\t\t\t<div class=\"elementor-widget-container\">\n\t\t\t\t\t\t\t\t\t\t\t\t\t<img decoding=\"async\" width=\"755\" height=\"1024\" src=\"https:\/\/sparkafrica.net\/wp-content\/uploads\/2020\/07\/spark-img-755x1024.jpg\" class=\"attachment-large size-large wp-image-581\" alt=\"\" srcset=\"https:\/\/sparkafrica.net\/wp-content\/uploads\/2020\/07\/spark-img-755x1024.jpg 755w, https:\/\/sparkafrica.net\/wp-content\/uploads\/2020\/07\/spark-img-221x300.jpg 221w, https:\/\/sparkafrica.net\/wp-content\/uploads\/2020\/07\/spark-img-768x1042.jpg 768w\" sizes=\"(max-width: 755px) 100vw, 755px\" \/>\t\t\t\t\t\t\t\t\t\t\t\t\t<\/div>\n\t\t\t\t<\/div>\n\t\t\t\t\t<\/div>\n\t\t<\/div>\n\t\t\t\t<div class=\"elementor-column elementor-col-66 elementor-top-column elementor-element elementor-element-90aaacf\" data-id=\"90aaacf\" data-element_type=\"column\" data-settings=\"{&quot;background_background&quot;:&quot;classic&quot;}\">\n\t\t\t<div class=\"elementor-widget-wrap elementor-element-populated\">\n\t\t\t\t\t\t<div class=\"elementor-element elementor-element-6203fd4b elementor-widget elementor-widget-heading\" data-id=\"6203fd4b\" data-element_type=\"widget\" data-widget_type=\"heading.default\">\n\t\t\t\t<div class=\"elementor-widget-container\">\n\t\t\t<h2 class=\"elementor-heading-title elementor-size-default\">DEVENIR QUI VOUS ETES<\/h2>\t\t<\/div>\n\t\t\t\t<\/div>\n\t\t\t\t<div class=\"elementor-element elementor-element-184a7593 elementor-widget elementor-widget-text-editor\" data-id=\"184a7593\" data-element_type=\"widget\" data-widget_type=\"text-editor.default\">\n\t\t\t\t<div class=\"elementor-widget-container\">\n\t\t\t\t\t\t\t<p class=\" translation-block\">Vous d\u00e9couvrirez que <strong>la vie devient magnifique<\/strong> au fur et \u00e0 mesure que vous revenez sur vos pas et que vous commencez \u00e0 <strong>retrouver votre chemin<\/strong> ; parce que votre \u00e9tincelle a toujours \u00e9t\u00e9 l\u00e0. Vous \u00eates n\u00e9 avec. Elle vient de votre \u00e2me. Elle vient de <strong>l'int\u00e9rieur.<\/strong> Et il n'y a pas de plus grand voyage dans la vie que le voyage de la d\u00e9couverte de soi.<\/p>\n<p><strong>Le voyage de retour vers vous-m\u00eame.&nbsp; <\/strong><\/p>\n<p class=\" translation-block\">Vous savez maintenant que <strong>d\u00e9couvrir votre \u00e9tincelle <\/strong>ne consiste pas \u00e0 vous changer mais \u00e0 <strong>devenir qui vous \u00eates vraiment<\/strong>. Pr\u00e9parez-vous \u00e0 \u00e9liminer toutes les barri\u00e8res mentales qui se dressent sur votre chemin et \u00e0 vous aligner avec votre moi authentique.<\/p><p><strong style=\"font-family: var( --e-global-typography-text-font-family );\"><strong>Voil\u00e0 ce que signifie \u00ab D\u00e9couvrir votre \u00c9tincelle \u00bb : r\u00e9v\u00e9ler et devenir la personne que vous voulez \u00eatre. <\/strong>&nbsp;<\/strong><\/p>\n<p>Bienvenue dans le voyage! Vous allez adorer!<\/p>\t\t\t\t\t\t<\/div>\n\t\t\t\t<\/div>\n\t\t\t\t\t<\/div>\n\t\t<\/div>\n\t\t\t\t\t<\/div>\n\t\t<\/section>\n\t\t\t\t<section class=\"elementor-section elementor-top-section elementor-element elementor-element-197cf7da elementor-section-boxed elementor-section-height-default elementor-section-height-default\" data-id=\"197cf7da\" data-element_type=\"section\" data-settings=\"{&quot;background_background&quot;:&quot;classic&quot;}\">\n\t\t\t\t\t\t<div class=\"elementor-container elementor-column-gap-default\">\n\t\t\t\t\t<div class=\"elementor-column elementor-col-100 elementor-top-column elementor-element elementor-element-2e47a965\" data-id=\"2e47a965\" data-element_type=\"column\">\n\t\t\t<div class=\"elementor-widget-wrap elementor-element-populated\">\n\t\t\t\t\t\t<div class=\"elementor-element elementor-element-4562d86b elementor-widget elementor-widget-heading\" data-id=\"4562d86b\" data-element_type=\"widget\" data-widget_type=\"heading.default\">\n\t\t\t\t<div class=\"elementor-widget-container\">\n\t\t\t<h2 class=\"elementor-heading-title elementor-size-default\">COMMENCEZ DES MAINTENANT<\/h2>\t\t<\/div>\n\t\t\t\t<\/div>\n\t\t\t\t<div class=\"elementor-element elementor-element-257894ef elementor-align-center elementor-widget elementor-widget-button\" data-id=\"257894ef\" data-element_type=\"widget\" data-widget_type=\"button.default\">\n\t\t\t\t<div class=\"elementor-widget-container\">\n\t\t\t\t\t<div class=\"elementor-button-wrapper\">\n\t\t\t<a class=\"elementor-button elementor-button-link elementor-size-sm\" href=\"https:\/\/sparkafrica.net\/fr\/book-free-session\/\">\n\t\t\t\t\t\t<span class=\"elementor-button-content-wrapper\">\n\t\t\t\t\t\t<span class=\"elementor-button-text\">RESERVEZ VOTRE SESSION DE COACHING GRATUITE<\/span>\n\t\t<\/span>\n\t\t\t\t\t<\/a>\n\t\t<\/div>\n\t\t\t\t<\/div>\n\t\t\t\t<\/div>\n\t\t\t\t<section class=\"elementor-section elementor-inner-section elementor-element elementor-element-693b695 elementor-section-boxed elementor-section-height-default elementor-section-height-default\" data-id=\"693b695\" data-element_type=\"section\">\n\t\t\t\t\t\t<div class=\"elementor-container elementor-column-gap-default\">\n\t\t\t\t\t<div class=\"elementor-column elementor-col-50 elementor-inner-column elementor-element elementor-element-250133e\" data-id=\"250133e\" data-element_type=\"column\">\n\t\t\t<div class=\"elementor-widget-wrap elementor-element-populated\">\n\t\t\t\t\t\t<div class=\"elementor-element elementor-element-95263bb elementor-widget elementor-widget-heading\" data-id=\"95263bb\" data-element_type=\"widget\" data-widget_type=\"heading.default\">\n\t\t\t\t<div class=\"elementor-widget-container\">\n\t\t\t<h3 class=\"elementor-heading-title elementor-size-default\">Regardez mon interview sur African Womne\u2019s Voices, Etv Ghana, Mars 2020<\/h3>\t\t<\/div>\n\t\t\t\t<\/div>\n\t\t\t\t<div class=\"elementor-element elementor-element-15da274 elementor-widget elementor-widget-video\" data-id=\"15da274\" data-element_type=\"widget\" data-settings=\"{&quot;youtube_url&quot;:&quot;https:\\\/\\\/youtu.be\\\/n-Docp5OkW0&quot;,&quot;video_type&quot;:&quot;youtube&quot;,&quot;controls&quot;:&quot;yes&quot;}\" data-widget_type=\"video.default\">\n\t\t\t\t<div class=\"elementor-widget-container\">\n\t\t\t\t\t<div class=\"elementor-wrapper elementor-open-inline\">\n\t\t\t<div class=\"elementor-video\"><\/div>\t\t<\/div>\n\t\t\t\t<\/div>\n\t\t\t\t<\/div>\n\t\t\t\t\t<\/div>\n\t\t<\/div>\n\t\t\t\t<div class=\"elementor-column elementor-col-50 elementor-inner-column elementor-element elementor-element-fd4488f\" data-id=\"fd4488f\" data-element_type=\"column\">\n\t\t\t<div class=\"elementor-widget-wrap elementor-element-populated\">\n\t\t\t\t\t\t<div class=\"elementor-element elementor-element-385ad9a elementor-widget elementor-widget-heading\" data-id=\"385ad9a\" data-element_type=\"widget\" data-widget_type=\"heading.default\">\n\t\t\t\t<div class=\"elementor-widget-container\">\n\t\t\t<h3 class=\"elementor-heading-title elementor-size-default\">Regardez mon Interview avec Munnira Sheikh sur \u00ab Comment le Coaching peut vous faire faire \u00e9voluer \u00bb ? - Ao\u00fbt 2020<\/h3>\t\t<\/div>\n\t\t\t\t<\/div>\n\t\t\t\t<div class=\"elementor-element elementor-element-c049480 elementor-widget elementor-widget-video\" data-id=\"c049480\" data-element_type=\"widget\" data-settings=\"{&quot;youtube_url&quot;:&quot;https:\\\/\\\/youtu.be\\\/tifgZjY5gB4&quot;,&quot;video_type&quot;:&quot;youtube&quot;,&quot;controls&quot;:&quot;yes&quot;}\" data-widget_type=\"video.default\">\n\t\t\t\t<div class=\"elementor-widget-container\">\n\t\t\t\t\t<div class=\"elementor-wrapper elementor-open-inline\">\n\t\t\t<div class=\"elementor-video\"><\/div>\t\t<\/div>\n\t\t\t\t<\/div>\n\t\t\t\t<\/div>\n\t\t\t\t\t<\/div>\n\t\t<\/div>\n\t\t\t\t\t<\/div>\n\t\t<\/section>\n\t\t\t\t\t<\/div>\n\t\t<\/div>\n\t\t\t\t\t<\/div>\n\t\t<\/section>\n\t\t\t\t<section class=\"elementor-section elementor-top-section elementor-element elementor-element-10365c32 elementor-section-boxed elementor-section-height-default elementor-section-height-default\" data-id=\"10365c32\" data-element_type=\"section\">\n\t\t\t\t\t\t<div class=\"elementor-container elementor-column-gap-default\">\n\t\t\t\t\t<div class=\"elementor-column elementor-col-50 elementor-top-column elementor-element elementor-element-7417acfb\" data-id=\"7417acfb\" data-element_type=\"column\">\n\t\t\t<div class=\"elementor-widget-wrap\">\n\t\t\t\t\t\t\t<\/div>\n\t\t<\/div>\n\t\t\t\t<div class=\"elementor-column elementor-col-50 elementor-top-column elementor-element elementor-element-4b903f28\" data-id=\"4b903f28\" data-element_type=\"column\">\n\t\t\t<div class=\"elementor-widget-wrap\">\n\t\t\t\t\t\t\t<\/div>\n\t\t<\/div>\n\t\t\t\t\t<\/div>\n\t\t<\/section>\n\t\t\t\t<\/div>","protected":false},"excerpt":{"rendered":"<p>SPARKBEGINFROM WITHIN I created SPARK AFRICA in 2018, and my mission is to help people to Find their SPARK, discover their purpose and come out empowered, happy and committed to live\u00a0a meaningful life. The SPARK is the creative genius, the brilliance, the hero within each and every one of us that has been forgotten and &#8230; <a title=\"About Spark\" class=\"read-more\" href=\"https:\/\/sparkafrica.net\/fr\/about-spark\/\" aria-label=\"More on About Spark\">Read more<\/a><\/p>","protected":false},"author":2,"featured_media":0,"parent":0,"menu_order":0,"comment_status":"closed","ping_status":"closed","template":"elementor_header_footer","meta":{"_monsterinsights_skip_tracking":false,"_monsterinsights_sitenote_active":false,"_monsterinsights_sitenote_note":"","_monsterinsights_sitenote_category":0,"footnotes":""},"_links":{"self":[{"href":"https:\/\/sparkafrica.net\/fr\/wp-json\/wp\/v2\/pages\/661"}],"collection":[{"href":"https:\/\/sparkafrica.net\/fr\/wp-json\/wp\/v2\/pages"}],"about":[{"href":"https:\/\/sparkafrica.net\/fr\/wp-json\/wp\/v2\/types\/page"}],"author":[{"embeddable":true,"href":"https:\/\/sparkafrica.net\/fr\/wp-json\/wp\/v2\/users\/2"}],"replies":[{"embeddable":true,"href":"https:\/\/sparkafrica.net\/fr\/wp-json\/wp\/v2\/comments?post=661"}],"version-history":[{"count":18,"href":"https:\/\/sparkafrica.net\/fr\/wp-json\/wp\/v2\/pages\/661\/revisions"}],"predecessor-version":[{"id":3921,"href":"https:\/\/sparkafrica.net\/fr\/wp-json\/wp\/v2\/pages\/661\/revisions\/3921"}],"wp:attachment":[{"href":"https:\/\/sparkafrica.net\/fr\/wp-json\/wp\/v2\/media?parent=661"}],"curies":[{"name":"wp","href":"https:\/\/api.w.org\/{rel}","templated":true}]}}