{"id":31,"date":"2019-09-29T20:51:43","date_gmt":"2019-09-29T20:51:43","guid":{"rendered":"http:\/\/sparkafrica.net\/?page_id=31"},"modified":"2021-09-28T15:10:53","modified_gmt":"2021-09-28T15:10:53","slug":"life-coaching","status":"publish","type":"page","link":"https:\/\/sparkafrica.net\/fr\/life-coaching\/","title":{"rendered":"Life Coaching"},"content":{"rendered":"<div data-elementor-type=\"wp-page\" data-elementor-id=\"31\" class=\"elementor elementor-31\" data-elementor-post-type=\"page\">\n\t\t\t\t\t\t<section class=\"elementor-section elementor-top-section elementor-element elementor-element-6352b859 elementor-section-full_width elementor-section-height-default elementor-section-height-default\" data-id=\"6352b859\" data-element_type=\"section\">\n\t\t\t\t\t\t<div class=\"elementor-container elementor-column-gap-default\">\n\t\t\t\t\t<div class=\"elementor-column elementor-col-33 elementor-top-column elementor-element elementor-element-3d68e3fe\" data-id=\"3d68e3fe\" data-element_type=\"column\">\n\t\t\t<div class=\"elementor-widget-wrap elementor-element-populated\">\n\t\t\t\t\t\t<div class=\"elementor-element elementor-element-3f40fd1c elementor-widget elementor-widget-heading\" data-id=\"3f40fd1c\" data-element_type=\"widget\" data-widget_type=\"heading.default\">\n\t\t\t\t<div class=\"elementor-widget-container\">\n\t\t\t<h2 class=\"elementor-heading-title elementor-size-default translation-block\">QU\u2019EST CE QUE<\/br><b> LE LIFE COACHING?<\/b><\/h2>\t\t<\/div>\n\t\t\t\t<\/div>\n\t\t\t\t\t<\/div>\n\t\t<\/div>\n\t\t\t\t<div class=\"elementor-column elementor-col-33 elementor-top-column elementor-element elementor-element-59550ae\" data-id=\"59550ae\" data-element_type=\"column\">\n\t\t\t<div class=\"elementor-widget-wrap elementor-element-populated\">\n\t\t\t\t\t\t<div class=\"elementor-element elementor-element-66edf3a4 elementor-widget elementor-widget-text-editor\" data-id=\"66edf3a4\" data-element_type=\"widget\" data-widget_type=\"text-editor.default\">\n\t\t\t\t<div class=\"elementor-widget-container\">\n\t\t\t\t\t\t\t<p class=\" translation-block\">Le Life Coaching est un processus qui vous fait <strong>passer d\u2019un point A \u00e0 un point B<\/strong>, de votre situation actuelle \u00e0 vos objectifs. En tant que coach de vie, mon objectif est de vous aider \u00e0 <strong>\u00e9laborer un plan<\/strong> pour que vous puissiez <strong>vivre la vie que vous voulez vraiment<\/strong>, en <strong>comblant le foss\u00e9<\/strong> entre votre vie actuelle et la vie de vos r\u00eaves.<\/p>\t\t\t\t\t\t<\/div>\n\t\t\t\t<\/div>\n\t\t\t\t\t<\/div>\n\t\t<\/div>\n\t\t\t\t<div class=\"elementor-column elementor-col-33 elementor-top-column elementor-element elementor-element-121cfb80\" data-id=\"121cfb80\" data-element_type=\"column\">\n\t\t\t<div class=\"elementor-widget-wrap\">\n\t\t\t\t\t\t\t<\/div>\n\t\t<\/div>\n\t\t\t\t\t<\/div>\n\t\t<\/section>\n\t\t\t\t<section class=\"elementor-section elementor-top-section elementor-element elementor-element-3d29aad0 elementor-section-full_width elementor-section-height-min-height elementor-section-content-middle elementor-section-height-default elementor-section-items-middle\" data-id=\"3d29aad0\" data-element_type=\"section\" data-settings=\"{&quot;background_background&quot;:&quot;classic&quot;}\">\n\t\t\t\t\t\t<div class=\"elementor-container elementor-column-gap-no\">\n\t\t\t\t\t<div class=\"elementor-column elementor-col-33 elementor-top-column elementor-element elementor-element-482c61bc\" data-id=\"482c61bc\" data-element_type=\"column\">\n\t\t\t<div class=\"elementor-widget-wrap elementor-element-populated\">\n\t\t\t\t\t\t<div class=\"elementor-element elementor-element-554e9afa elementor-widget elementor-widget-image\" data-id=\"554e9afa\" data-element_type=\"widget\" data-widget_type=\"image.default\">\n\t\t\t\t<div class=\"elementor-widget-container\">\n\t\t\t\t\t\t\t\t\t\t\t\t\t<img fetchpriority=\"high\" decoding=\"async\" width=\"1024\" height=\"883\" src=\"https:\/\/sparkafrica.net\/wp-content\/uploads\/2020\/11\/Sonia-Sharara-Said-4-1024x883.jpg\" class=\"attachment-large size-large wp-image-932\" alt=\"\" srcset=\"https:\/\/sparkafrica.net\/wp-content\/uploads\/2020\/11\/Sonia-Sharara-Said-4-1024x883.jpg 1024w, https:\/\/sparkafrica.net\/wp-content\/uploads\/2020\/11\/Sonia-Sharara-Said-4-300x259.jpg 300w, https:\/\/sparkafrica.net\/wp-content\/uploads\/2020\/11\/Sonia-Sharara-Said-4-768x662.jpg 768w, https:\/\/sparkafrica.net\/wp-content\/uploads\/2020\/11\/Sonia-Sharara-Said-4-14x12.jpg 14w, https:\/\/sparkafrica.net\/wp-content\/uploads\/2020\/11\/Sonia-Sharara-Said-4.jpg 1200w\" sizes=\"(max-width: 1024px) 100vw, 1024px\" \/>\t\t\t\t\t\t\t\t\t\t\t\t\t<\/div>\n\t\t\t\t<\/div>\n\t\t\t\t\t<\/div>\n\t\t<\/div>\n\t\t\t\t<div class=\"elementor-column elementor-col-66 elementor-top-column elementor-element elementor-element-7dd5934f\" data-id=\"7dd5934f\" data-element_type=\"column\" data-settings=\"{&quot;background_background&quot;:&quot;classic&quot;}\">\n\t\t\t<div class=\"elementor-widget-wrap elementor-element-populated\">\n\t\t\t\t\t\t<div class=\"elementor-element elementor-element-42a7a279 elementor-widget elementor-widget-heading\" data-id=\"42a7a279\" data-element_type=\"widget\" data-widget_type=\"heading.default\">\n\t\t\t\t<div class=\"elementor-widget-container\">\n\t\t\t<h2 class=\"elementor-heading-title elementor-size-default\">STRATEGIC INTERVENTION<\/h2>\t\t<\/div>\n\t\t\t\t<\/div>\n\t\t\t\t<div class=\"elementor-element elementor-element-1fcbd91c elementor-widget elementor-widget-text-editor\" data-id=\"1fcbd91c\" data-element_type=\"widget\" data-widget_type=\"text-editor.default\">\n\t\t\t\t<div class=\"elementor-widget-container\">\n\t\t\t\t\t\t\t<p class=\" translation-block\">J'utilise <strong>l\u2019Intervention Strat\u00e9gique, <\/strong>une m\u00e9thode qui consiste <strong>\u00e0 agir de mani\u00e8re strat\u00e9gique pour accomplir des choses afin que les besoins humains soient satisfaits et \u00e9lev\u00e9s.<\/strong><\/p><p class=\" translation-block\">De nombreuses traditions en Intervention Strat\u00e9gique existent partout o\u00f9 les \u00eatres humains utilisent des comp\u00e9tences extraordinaires pour provoquer des changements personnels et culturels positifs. <strong>Nelson Mandela et Mahatma Gandhi<\/strong> sont des maitres en Intervention Strat\u00e9gique qui transcendent les particularit\u00e9s des religions, des cultures, des institutions, des classes sociales ou de la philosophie politique.<\/p><p class=\" translation-block\">Ce qui distingue l\u2019Intervention Strat\u00e9gique des autres m\u00e9thodes, c\u2019est la conviction que certaines <strong>solutions holistiques<\/strong> se mettent en place naturellement lorsque les besoins des personnes sont satisfaits, exprim\u00e9s et \u00e9lev\u00e9s.<\/p>\t\t\t\t\t\t<\/div>\n\t\t\t\t<\/div>\n\t\t\t\t\t<\/div>\n\t\t<\/div>\n\t\t\t\t\t<\/div>\n\t\t<\/section>\n\t\t\t\t<section class=\"elementor-section elementor-top-section elementor-element elementor-element-1acb1179 elementor-section-full_width elementor-section-height-default elementor-section-height-default\" data-id=\"1acb1179\" data-element_type=\"section\">\n\t\t\t\t\t\t<div class=\"elementor-container elementor-column-gap-default\">\n\t\t\t\t\t<div class=\"elementor-column elementor-col-33 elementor-top-column elementor-element elementor-element-5a621bcb\" data-id=\"5a621bcb\" data-element_type=\"column\">\n\t\t\t<div class=\"elementor-widget-wrap elementor-element-populated\">\n\t\t\t\t\t\t<div class=\"elementor-element elementor-element-78608428 elementor-widget elementor-widget-heading\" data-id=\"78608428\" data-element_type=\"widget\" data-widget_type=\"heading.default\">\n\t\t\t\t<div class=\"elementor-widget-container\">\n\t\t\t<h2 class=\"elementor-heading-title elementor-size-default translation-block\">VOUS RECONNAISSEZ-VOUS DANS <b>UNE DE CES SITUATIONS?<\/b><\/h2>\t\t<\/div>\n\t\t\t\t<\/div>\n\t\t\t\t\t<\/div>\n\t\t<\/div>\n\t\t\t\t<div class=\"elementor-column elementor-col-33 elementor-top-column elementor-element elementor-element-64149374\" data-id=\"64149374\" data-element_type=\"column\">\n\t\t\t<div class=\"elementor-widget-wrap elementor-element-populated\">\n\t\t\t\t\t\t<div class=\"elementor-element elementor-element-5152e2b6 elementor-align-left elementor-icon-list--layout-traditional elementor-list-item-link-full_width elementor-widget elementor-widget-icon-list\" data-id=\"5152e2b6\" data-element_type=\"widget\" data-widget_type=\"icon-list.default\">\n\t\t\t\t<div class=\"elementor-widget-container\">\n\t\t\t\t\t<ul class=\"elementor-icon-list-items\">\n\t\t\t\t\t\t\t<li class=\"elementor-icon-list-item\">\n\t\t\t\t\t\t\t\t\t\t\t<span class=\"elementor-icon-list-icon\">\n\t\t\t\t\t\t\t<i aria-hidden=\"true\" class=\"fas fa-check\"><\/i>\t\t\t\t\t\t<\/span>\n\t\t\t\t\t\t\t\t\t\t<span class=\"elementor-icon-list-text\">Vous vous sentez coinc\u00e9 dans une situation personnelle ou professionnelle qui ne fonctionne pas et que vous essayez de changer depuis des mois ou des ann\u00e9es.  Vous vous demandez si vous \u00eates \u00e0 l'aise avec l\u2019id\u00e9e que le reste de votre vie pourrait ressembler \u00e0 votre r\u00e9alit\u00e9 actuelle? <\/span>\n\t\t\t\t\t\t\t\t\t<\/li>\n\t\t\t\t\t\t\t\t<li class=\"elementor-icon-list-item\">\n\t\t\t\t\t\t\t\t\t\t\t<span class=\"elementor-icon-list-icon\">\n\t\t\t\t\t\t\t<i aria-hidden=\"true\" class=\"fas fa-check\"><\/i>\t\t\t\t\t\t<\/span>\n\t\t\t\t\t\t\t\t\t\t<span class=\"elementor-icon-list-text\">Vous avez un projet ou une id\u00e9e qui vous tient \u00e0 c\u0153ur, mais pour une raison que vous ne maitrisez pas, vous n\u2019avez pas encore agi parce que vous avez peur de faire le \u00abmauvais choix \u00bb et d\u2019\u00e9chouer.<\/span>\n\t\t\t\t\t\t\t\t\t<\/li>\n\t\t\t\t\t\t\t\t<li class=\"elementor-icon-list-item\">\n\t\t\t\t\t\t\t\t\t\t\t<span class=\"elementor-icon-list-icon\">\n\t\t\t\t\t\t\t<i aria-hidden=\"true\" class=\"fas fa-check\"><\/i>\t\t\t\t\t\t<\/span>\n\t\t\t\t\t\t\t\t\t\t<span class=\"elementor-icon-list-text\">Vous avez un sentiment de vide \u00e0 l'int\u00e9rieur de vous et vous pensez que votre vie n'a aucun sens et aucun but. Pourtant, vous savez dans votre c\u0153ur que vous avez du potentiel et que vous ne contribuez pas \u00e0 10% de ce que vous \u00eates capable de cr\u00e9er.<\/span>\n\t\t\t\t\t\t\t\t\t<\/li>\n\t\t\t\t\t\t\t\t<li class=\"elementor-icon-list-item\">\n\t\t\t\t\t\t\t\t\t\t\t<span class=\"elementor-icon-list-icon\">\n\t\t\t\t\t\t\t<i aria-hidden=\"true\" class=\"fas fa-check\"><\/i>\t\t\t\t\t\t<\/span>\n\t\t\t\t\t\t\t\t\t\t<span class=\"elementor-icon-list-text\">Votre vie amoureuse, que vous ayez un partenaire ou que vous soyez c\u00e9libataire n'est pas ce que vous aviez imagin\u00e9 et vous vous demandez comment faire passer votre vie amoureuse \u00e0 un niveau sup\u00e9rieur? <\/span>\n\t\t\t\t\t\t\t\t\t<\/li>\n\t\t\t\t\t\t<\/ul>\n\t\t\t\t<\/div>\n\t\t\t\t<\/div>\n\t\t\t\t\t<\/div>\n\t\t<\/div>\n\t\t\t\t<div class=\"elementor-column elementor-col-33 elementor-top-column elementor-element elementor-element-6f36e75b\" data-id=\"6f36e75b\" data-element_type=\"column\">\n\t\t\t<div class=\"elementor-widget-wrap\">\n\t\t\t\t\t\t\t<\/div>\n\t\t<\/div>\n\t\t\t\t\t<\/div>\n\t\t<\/section>\n\t\t\t\t<section class=\"elementor-section elementor-top-section elementor-element elementor-element-33a230ec elementor-section-height-min-height elementor-section-boxed elementor-section-height-default elementor-section-items-middle\" data-id=\"33a230ec\" data-element_type=\"section\" data-settings=\"{&quot;background_background&quot;:&quot;classic&quot;}\">\n\t\t\t\t\t\t<div class=\"elementor-container elementor-column-gap-default\">\n\t\t\t\t\t<div class=\"elementor-column elementor-col-33 elementor-top-column elementor-element elementor-element-bf5a118\" data-id=\"bf5a118\" data-element_type=\"column\">\n\t\t\t<div class=\"elementor-widget-wrap\">\n\t\t\t\t\t\t\t<\/div>\n\t\t<\/div>\n\t\t\t\t<div class=\"elementor-column elementor-col-33 elementor-top-column elementor-element elementor-element-5065f7d2\" data-id=\"5065f7d2\" data-element_type=\"column\">\n\t\t\t<div class=\"elementor-widget-wrap elementor-element-populated\">\n\t\t\t\t\t\t<div class=\"elementor-element elementor-element-77dea659 elementor-widget elementor-widget-text-editor\" data-id=\"77dea659\" data-element_type=\"widget\" data-widget_type=\"text-editor.default\">\n\t\t\t\t<div class=\"elementor-widget-container\">\n\t\t\t\t\t\t\t<p class=\" translation-block\">En bref, <b>vous vous complaisez<\/b> dans un quotidien, personnel ou professionnel, bien <b>en dessous de votre potentiel et de vos aspirations.<\/b><\/p><p class=\" translation-block\">Et aujourd'hui, vous \u00eates pr\u00eat \u00e0 <strong>passer \u00e0 l'action<\/strong>, vous \u00eates <strong>pr\u00eat \u00e0 passer \u00e0 la vitesse sup\u00e9rieure dans votre vie,<\/strong> vous \u00eates pr\u00eat <strong>\u00e0 r\u00e9v\u00e9ler votre \u00e9tincelle<\/strong> et \u00e0 vous sentir <strong>vivant <\/strong>et <strong>heureux<\/strong>!<\/p>\t\t\t\t\t\t<\/div>\n\t\t\t\t<\/div>\n\t\t\t\t<div class=\"elementor-element elementor-element-19ac7186 elementor-align-center elementor-hidden-phone elementor-widget elementor-widget-button\" data-id=\"19ac7186\" data-element_type=\"widget\" data-widget_type=\"button.default\">\n\t\t\t\t<div class=\"elementor-widget-container\">\n\t\t\t\t\t<div class=\"elementor-button-wrapper\">\n\t\t\t<a class=\"elementor-button elementor-button-link elementor-size-sm\" href=\"https:\/\/sparkafrica.net\/fr\/book-free-session\/\">\n\t\t\t\t\t\t<span class=\"elementor-button-content-wrapper\">\n\t\t\t\t\t\t<span class=\"elementor-button-text\">RESERVEZ VOTRE SESSION DE COACHING GRATUITE<\/span>\n\t\t<\/span>\n\t\t\t\t\t<\/a>\n\t\t<\/div>\n\t\t\t\t<\/div>\n\t\t\t\t<\/div>\n\t\t\t\t\t<\/div>\n\t\t<\/div>\n\t\t\t\t<div class=\"elementor-column elementor-col-33 elementor-top-column elementor-element elementor-element-26c8cc87\" data-id=\"26c8cc87\" data-element_type=\"column\">\n\t\t\t<div class=\"elementor-widget-wrap\">\n\t\t\t\t\t\t\t<\/div>\n\t\t<\/div>\n\t\t\t\t\t<\/div>\n\t\t<\/section>\n\t\t\t\t<section class=\"elementor-section elementor-top-section elementor-element elementor-element-45839a32 elementor-section-full_width elementor-section-height-default elementor-section-height-default\" data-id=\"45839a32\" data-element_type=\"section\">\n\t\t\t\t\t\t<div class=\"elementor-container elementor-column-gap-default\">\n\t\t\t\t\t<div class=\"elementor-column elementor-col-33 elementor-top-column elementor-element elementor-element-231563e3\" data-id=\"231563e3\" data-element_type=\"column\">\n\t\t\t<div class=\"elementor-widget-wrap elementor-element-populated\">\n\t\t\t\t\t\t<div class=\"elementor-element elementor-element-45aa57a5 elementor-widget elementor-widget-heading\" data-id=\"45aa57a5\" data-element_type=\"widget\" data-widget_type=\"heading.default\">\n\t\t\t\t<div class=\"elementor-widget-container\">\n\t\t\t<h2 class=\"elementor-heading-title elementor-size-default translation-block\">LES ETAPES VERS <\/br><b>LE SUCCES<\/b><\/h2>\t\t<\/div>\n\t\t\t\t<\/div>\n\t\t\t\t<div class=\"elementor-element elementor-element-73681499 elementor-align-center elementor-widget elementor-widget-button\" data-id=\"73681499\" data-element_type=\"widget\" data-widget_type=\"button.default\">\n\t\t\t\t<div class=\"elementor-widget-container\">\n\t\t\t\t\t<div class=\"elementor-button-wrapper\">\n\t\t\t<a class=\"elementor-button elementor-button-link elementor-size-sm\" href=\"https:\/\/sparkafrica.net\/fr\/book-free-session\/\">\n\t\t\t\t\t\t<span class=\"elementor-button-content-wrapper\">\n\t\t\t\t\t\t<span class=\"elementor-button-text\">RESERVEZ VOTRE SESSION DE COACHING GRATUITE<\/span>\n\t\t<\/span>\n\t\t\t\t\t<\/a>\n\t\t<\/div>\n\t\t\t\t<\/div>\n\t\t\t\t<\/div>\n\t\t\t\t\t<\/div>\n\t\t<\/div>\n\t\t\t\t<div class=\"elementor-column elementor-col-33 elementor-top-column elementor-element elementor-element-5acf4e58\" data-id=\"5acf4e58\" data-element_type=\"column\">\n\t\t\t<div class=\"elementor-widget-wrap elementor-element-populated\">\n\t\t\t\t\t\t<div class=\"elementor-element elementor-element-5d3fc1c5 elementor-widget elementor-widget-heading\" data-id=\"5d3fc1c5\" data-element_type=\"widget\" data-widget_type=\"heading.default\">\n\t\t\t\t<div class=\"elementor-widget-container\">\n\t\t\t<h2 class=\"elementor-heading-title elementor-size-default\">COMMENT CA MARCHE?<\/h2>\t\t<\/div>\n\t\t\t\t<\/div>\n\t\t\t\t<div class=\"elementor-element elementor-element-d85bc46 elementor-align-left elementor-icon-list--layout-traditional elementor-list-item-link-full_width elementor-widget elementor-widget-icon-list\" data-id=\"d85bc46\" data-element_type=\"widget\" data-widget_type=\"icon-list.default\">\n\t\t\t\t<div class=\"elementor-widget-container\">\n\t\t\t\t\t<ul class=\"elementor-icon-list-items\">\n\t\t\t\t\t\t\t<li class=\"elementor-icon-list-item\">\n\t\t\t\t\t\t\t\t\t\t\t<span class=\"elementor-icon-list-icon\">\n\t\t\t\t\t\t\t<i aria-hidden=\"true\" class=\"fas fa-check\"><\/i>\t\t\t\t\t\t<\/span>\n\t\t\t\t\t\t\t\t\t\t<span class=\"elementor-icon-list-text\">Je prends la d\u00e9cision<\/span>\n\t\t\t\t\t\t\t\t\t<\/li>\n\t\t\t\t\t\t<\/ul>\n\t\t\t\t<\/div>\n\t\t\t\t<\/div>\n\t\t\t\t<div class=\"elementor-element elementor-element-5870fb8 elementor-widget elementor-widget-text-editor\" data-id=\"5870fb8\" data-element_type=\"widget\" data-widget_type=\"text-editor.default\">\n\t\t\t\t<div class=\"elementor-widget-container\">\n\t\t\t\t\t\t\t<p>Tout commence par une premi\u00e8re session de d\u00e9couverte gratuite, con\u00e7ue et structur\u00e9e pour nous permettre de mieux nous conna\u00eetre. Vous m\u2019expliquerez plus en d\u00e9tails pourquoi vous avez choisi le coaching et ce que vous recherchez.<\/p>\t\t\t\t\t\t<\/div>\n\t\t\t\t<\/div>\n\t\t\t\t<div class=\"elementor-element elementor-element-abadd44 elementor-align-left elementor-icon-list--layout-traditional elementor-list-item-link-full_width elementor-widget elementor-widget-icon-list\" data-id=\"abadd44\" data-element_type=\"widget\" data-widget_type=\"icon-list.default\">\n\t\t\t\t<div class=\"elementor-widget-container\">\n\t\t\t\t\t<ul class=\"elementor-icon-list-items\">\n\t\t\t\t\t\t\t<li class=\"elementor-icon-list-item\">\n\t\t\t\t\t\t\t\t\t\t\t<span class=\"elementor-icon-list-icon\">\n\t\t\t\t\t\t\t<i aria-hidden=\"true\" class=\"fas fa-check\"><\/i>\t\t\t\t\t\t<\/span>\n\t\t\t\t\t\t\t\t\t\t<span class=\"elementor-icon-list-text\">Je prends Rendez Vous<\/span>\n\t\t\t\t\t\t\t\t\t<\/li>\n\t\t\t\t\t\t<\/ul>\n\t\t\t\t<\/div>\n\t\t\t\t<\/div>\n\t\t\t\t<div class=\"elementor-element elementor-element-4b7a5d9 elementor-widget elementor-widget-text-editor\" data-id=\"4b7a5d9\" data-element_type=\"widget\" data-widget_type=\"text-editor.default\">\n\t\t\t\t<div class=\"elementor-widget-container\">\n\t\t\t\t\t\t\t<p>Nous discuterons de votre vie actuelle, des changements que vous souhaitez apporter, des objectifs que vous souhaitez atteindre et du style de vie auquel vous aspirez. Cette conversation dure g\u00e9n\u00e9ralement de 30 \u00e0 45 minutes et \u00e0 elle seule, elle fournit un aper\u00e7u si pr\u00e9cieux que beaucoup quittent d\u00e9j\u00e0 cette session avec une plus grande clart\u00e9 et une vision beaucoup plus enthousiaste de leur avenir.<\/p>\t\t\t\t\t\t<\/div>\n\t\t\t\t<\/div>\n\t\t\t\t<div class=\"elementor-element elementor-element-2d39282 elementor-align-left elementor-icon-list--layout-traditional elementor-list-item-link-full_width elementor-widget elementor-widget-icon-list\" data-id=\"2d39282\" data-element_type=\"widget\" data-widget_type=\"icon-list.default\">\n\t\t\t\t<div class=\"elementor-widget-container\">\n\t\t\t\t\t<ul class=\"elementor-icon-list-items\">\n\t\t\t\t\t\t\t<li class=\"elementor-icon-list-item\">\n\t\t\t\t\t\t\t\t\t\t\t<span class=\"elementor-icon-list-icon\">\n\t\t\t\t\t\t\t<i aria-hidden=\"true\" class=\"fas fa-check\"><\/i>\t\t\t\t\t\t<\/span>\n\t\t\t\t\t\t\t\t\t\t<span class=\"elementor-icon-list-text\">Je choisis l\u2019option de coaching qui me convient le mieux<\/span>\n\t\t\t\t\t\t\t\t\t<\/li>\n\t\t\t\t\t\t<\/ul>\n\t\t\t\t<\/div>\n\t\t\t\t<\/div>\n\t\t\t\t<div class=\"elementor-element elementor-element-e046259 elementor-widget elementor-widget-text-editor\" data-id=\"e046259\" data-element_type=\"widget\" data-widget_type=\"text-editor.default\">\n\t\t\t\t<div class=\"elementor-widget-container\">\n\t\t\t\t\t\t\t<p>A l\u2019issue de cette premi\u00e8re conversation, je vous proposerai l\u2019option de coaching la mieux adapt\u00e9e \u00e0 vos besoins, et je vous communiquerai la voie \u00e0 suivre afin que vous puissiez commencer \u00e0 obtenir les r\u00e9sultats que vous souhaitez d\u00e8s que possible.<\/p>\t\t\t\t\t\t<\/div>\n\t\t\t\t<\/div>\n\t\t\t\t\t<\/div>\n\t\t<\/div>\n\t\t\t\t<div class=\"elementor-column elementor-col-33 elementor-top-column elementor-element elementor-element-2941b177\" data-id=\"2941b177\" data-element_type=\"column\">\n\t\t\t<div class=\"elementor-widget-wrap\">\n\t\t\t\t\t\t\t<\/div>\n\t\t<\/div>\n\t\t\t\t\t<\/div>\n\t\t<\/section>\n\t\t\t\t<section class=\"elementor-section elementor-top-section elementor-element elementor-element-7fd9f081 elementor-section-full_width elementor-hidden-desktop elementor-hidden-tablet elementor-hidden-phone elementor-section-height-default elementor-section-height-default\" data-id=\"7fd9f081\" data-element_type=\"section\">\n\t\t\t\t\t\t<div class=\"elementor-container elementor-column-gap-default\">\n\t\t\t\t\t<div class=\"elementor-column elementor-col-33 elementor-top-column elementor-element elementor-element-6a92b01\" data-id=\"6a92b01\" data-element_type=\"column\">\n\t\t\t<div class=\"elementor-widget-wrap elementor-element-populated\">\n\t\t\t\t\t\t<div class=\"elementor-element elementor-element-62d5bd01 elementor-widget elementor-widget-heading\" data-id=\"62d5bd01\" data-element_type=\"widget\" data-widget_type=\"heading.default\">\n\t\t\t\t<div class=\"elementor-widget-container\">\n\t\t\t<h2 class=\"elementor-heading-title elementor-size-default translation-block\">THERAPIE VS <b>LIFE COACHING?<\/b><\/h2>\t\t<\/div>\n\t\t\t\t<\/div>\n\t\t\t\t\t<\/div>\n\t\t<\/div>\n\t\t\t\t<div class=\"elementor-column elementor-col-33 elementor-top-column elementor-element elementor-element-3623c4c\" data-id=\"3623c4c\" data-element_type=\"column\">\n\t\t\t<div class=\"elementor-widget-wrap elementor-element-populated\">\n\t\t\t\t\t\t<div class=\"elementor-element elementor-element-53f1281a elementor-widget elementor-widget-text-editor\" data-id=\"53f1281a\" data-element_type=\"widget\" data-widget_type=\"text-editor.default\">\n\t\t\t\t<div class=\"elementor-widget-container\">\n\t\t\t\t\t\t\t<p class=\" translation-block\">Le Life Coaching et la th\u00e9rapie sont tous deux d'excellents outils de d\u00e9couverte de soi. Et bien qu'il puisse y avoir un certain chevauchement entre les deux, en ce sens qu'ils vous aident \u00e0 mieux vous comprendre, ils diff\u00e8rent \u00e0 la fois dans leur <strong>objectif<\/strong> et leur <strong>approche.<\/strong><\/p><p>Le coaching est une discipline dynamique con\u00e7ue pour motiver et inspirer les gens \u00e0 accomplir plus que ce qu\u2019ils imaginent pouvoir faire. Si vous voulez passer \u00e0 la vitesse sup\u00e9rieure dans votre vie, et y apporter des changements positifs, le Life Coaching est fait pour vous.<\/p>\t\t\t\t\t\t<\/div>\n\t\t\t\t<\/div>\n\t\t\t\t\t<\/div>\n\t\t<\/div>\n\t\t\t\t<div class=\"elementor-column elementor-col-33 elementor-top-column elementor-element elementor-element-3832798b\" data-id=\"3832798b\" data-element_type=\"column\">\n\t\t\t<div class=\"elementor-widget-wrap\">\n\t\t\t\t\t\t\t<\/div>\n\t\t<\/div>\n\t\t\t\t\t<\/div>\n\t\t<\/section>\n\t\t\t\t<section class=\"elementor-section elementor-top-section elementor-element elementor-element-23b397cf elementor-hidden-desktop elementor-hidden-tablet elementor-hidden-phone elementor-section-boxed elementor-section-height-default elementor-section-height-default\" data-id=\"23b397cf\" data-element_type=\"section\">\n\t\t\t\t\t\t<div class=\"elementor-container elementor-column-gap-default\">\n\t\t\t\t\t<div class=\"elementor-column elementor-col-33 elementor-top-column elementor-element elementor-element-4c79f7\" data-id=\"4c79f7\" data-element_type=\"column\">\n\t\t\t<div class=\"elementor-widget-wrap\">\n\t\t\t\t\t\t\t<\/div>\n\t\t<\/div>\n\t\t\t\t<div class=\"elementor-column elementor-col-33 elementor-top-column elementor-element elementor-element-c772173\" data-id=\"c772173\" data-element_type=\"column\">\n\t\t\t<div class=\"elementor-widget-wrap\">\n\t\t\t\t\t\t\t<\/div>\n\t\t<\/div>\n\t\t\t\t<div class=\"elementor-column elementor-col-33 elementor-top-column elementor-element elementor-element-5e595b41\" data-id=\"5e595b41\" data-element_type=\"column\">\n\t\t\t<div class=\"elementor-widget-wrap\">\n\t\t\t\t\t\t\t<\/div>\n\t\t<\/div>\n\t\t\t\t\t<\/div>\n\t\t<\/section>\n\t\t\t\t<\/div>","protected":false},"excerpt":{"rendered":"<p>WHAT IS LIFE COACHING? Life Coaching is a process of moving you from A to B, from your current situation to your objectives. As a life coach, my goal is to help you make a plan so that you can live the life that you truly want to live, and close the GAP between where &#8230; <a title=\"Life Coaching\" class=\"read-more\" href=\"https:\/\/sparkafrica.net\/fr\/life-coaching\/\" aria-label=\"More on Life Coaching\">Read more<\/a><\/p>","protected":false},"author":2,"featured_media":0,"parent":0,"menu_order":0,"comment_status":"closed","ping_status":"closed","template":"elementor_header_footer","meta":{"_monsterinsights_skip_tracking":false,"_monsterinsights_sitenote_active":false,"_monsterinsights_sitenote_note":"","_monsterinsights_sitenote_category":0,"footnotes":""},"_links":{"self":[{"href":"https:\/\/sparkafrica.net\/fr\/wp-json\/wp\/v2\/pages\/31"}],"collection":[{"href":"https:\/\/sparkafrica.net\/fr\/wp-json\/wp\/v2\/pages"}],"about":[{"href":"https:\/\/sparkafrica.net\/fr\/wp-json\/wp\/v2\/types\/page"}],"author":[{"embeddable":true,"href":"https:\/\/sparkafrica.net\/fr\/wp-json\/wp\/v2\/users\/2"}],"replies":[{"embeddable":true,"href":"https:\/\/sparkafrica.net\/fr\/wp-json\/wp\/v2\/comments?post=31"}],"version-history":[{"count":28,"href":"https:\/\/sparkafrica.net\/fr\/wp-json\/wp\/v2\/pages\/31\/revisions"}],"predecessor-version":[{"id":3924,"href":"https:\/\/sparkafrica.net\/fr\/wp-json\/wp\/v2\/pages\/31\/revisions\/3924"}],"wp:attachment":[{"href":"https:\/\/sparkafrica.net\/fr\/wp-json\/wp\/v2\/media?parent=31"}],"curies":[{"name":"wp","href":"https:\/\/api.w.org\/{rel}","templated":true}]}}