{"id":29,"date":"2019-09-29T20:51:08","date_gmt":"2019-09-29T20:51:08","guid":{"rendered":"http:\/\/sparkafrica.net\/?page_id=29"},"modified":"2021-09-28T15:10:02","modified_gmt":"2021-09-28T15:10:02","slug":"about","status":"publish","type":"page","link":"https:\/\/sparkafrica.net\/fr\/about\/","title":{"rendered":"About"},"content":{"rendered":"<div data-elementor-type=\"wp-page\" data-elementor-id=\"29\" class=\"elementor elementor-29\" data-elementor-post-type=\"page\">\n\t\t\t\t\t\t<section class=\"elementor-section elementor-top-section elementor-element elementor-element-17aedfee elementor-section-full_width elementor-section-height-default elementor-section-height-default\" data-id=\"17aedfee\" data-element_type=\"section\">\n\t\t\t\t\t\t<div class=\"elementor-container elementor-column-gap-default\">\n\t\t\t\t\t<div class=\"elementor-column elementor-col-33 elementor-top-column elementor-element elementor-element-3a387937\" data-id=\"3a387937\" data-element_type=\"column\">\n\t\t\t<div class=\"elementor-widget-wrap elementor-element-populated\">\n\t\t\t\t\t\t<div class=\"elementor-element elementor-element-667690e4 elementor-widget elementor-widget-heading\" data-id=\"667690e4\" data-element_type=\"widget\" data-widget_type=\"heading.default\">\n\t\t\t\t<div class=\"elementor-widget-container\">\n\t\t\t<h2 class=\"elementor-heading-title elementor-size-default translation-block\"><b>MES ORIGINES<\/b><\/h2>\t\t<\/div>\n\t\t\t\t<\/div>\n\t\t\t\t\t<\/div>\n\t\t<\/div>\n\t\t\t\t<div class=\"elementor-column elementor-col-33 elementor-top-column elementor-element elementor-element-6e6ff871\" data-id=\"6e6ff871\" data-element_type=\"column\">\n\t\t\t<div class=\"elementor-widget-wrap elementor-element-populated\">\n\t\t\t\t\t\t<div class=\"elementor-element elementor-element-29784f37 elementor-widget elementor-widget-text-editor\" data-id=\"29784f37\" data-element_type=\"widget\" data-widget_type=\"text-editor.default\">\n\t\t\t\t<div class=\"elementor-widget-container\">\n\t\t\t\t\t\t\t<p class=\" translation-block\">Les gens me demandent souvent: \u00abd'o\u00f9 viens-tu\u00bb? et quand je r\u00e9ponds \u00ab<strong>Dakar, S\u00e9n\u00e9gal<\/strong>\u00bb, ils ont l'air surpris. Ils veulent en savoir plus: je suis libanaise, d\u2019\u00e9ducation fran\u00e7aise et ma famille vit en <strong>Afrique<\/strong> depuis <strong>4 g\u00e9n\u00e9rations<\/strong>. Cette exp\u00e9rience multiculturelle m'a beaucoup appris sur la <strong>diversit\u00e9, la tol\u00e9rance et le non-jugement<\/strong>. Elle m\u2019a \u00e9galement conduit \u00e0 devenir une <strong>personne curieuse et ouverte d'esprit<\/strong>.<\/p>\t\t\t\t\t\t<\/div>\n\t\t\t\t<\/div>\n\t\t\t\t\t<\/div>\n\t\t<\/div>\n\t\t\t\t<div class=\"elementor-column elementor-col-33 elementor-top-column elementor-element elementor-element-3f1f6adc\" data-id=\"3f1f6adc\" data-element_type=\"column\">\n\t\t\t<div class=\"elementor-widget-wrap\">\n\t\t\t\t\t\t\t<\/div>\n\t\t<\/div>\n\t\t\t\t\t<\/div>\n\t\t<\/section>\n\t\t\t\t<section class=\"elementor-section elementor-top-section elementor-element elementor-element-37c6ac1a elementor-section-full_width elementor-section-height-min-height elementor-section-content-middle elementor-section-height-default elementor-section-items-middle\" data-id=\"37c6ac1a\" data-element_type=\"section\">\n\t\t\t\t\t\t<div class=\"elementor-container elementor-column-gap-no\">\n\t\t\t\t\t<div class=\"elementor-column elementor-col-33 elementor-top-column elementor-element elementor-element-4575a66c\" data-id=\"4575a66c\" data-element_type=\"column\">\n\t\t\t<div class=\"elementor-widget-wrap elementor-element-populated\">\n\t\t\t\t\t\t<div class=\"elementor-element elementor-element-7dcacb9d elementor-widget elementor-widget-image\" data-id=\"7dcacb9d\" data-element_type=\"widget\" data-widget_type=\"image.default\">\n\t\t\t\t<div class=\"elementor-widget-container\">\n\t\t\t\t\t\t\t\t\t\t\t\t\t<img fetchpriority=\"high\" decoding=\"async\" width=\"800\" height=\"932\" src=\"https:\/\/sparkafrica.net\/wp-content\/uploads\/2020\/11\/Sonia-Sharara-Said-2.jpg\" class=\"attachment-large size-large wp-image-936\" alt=\"Sonia Sharara Said Certified Life Coach\" srcset=\"https:\/\/sparkafrica.net\/wp-content\/uploads\/2020\/11\/Sonia-Sharara-Said-2.jpg 800w, https:\/\/sparkafrica.net\/wp-content\/uploads\/2020\/11\/Sonia-Sharara-Said-2-258x300.jpg 258w, https:\/\/sparkafrica.net\/wp-content\/uploads\/2020\/11\/Sonia-Sharara-Said-2-768x895.jpg 768w, https:\/\/sparkafrica.net\/wp-content\/uploads\/2020\/11\/Sonia-Sharara-Said-2-10x12.jpg 10w\" sizes=\"(max-width: 800px) 100vw, 800px\" \/>\t\t\t\t\t\t\t\t\t\t\t\t\t<\/div>\n\t\t\t\t<\/div>\n\t\t\t\t\t<\/div>\n\t\t<\/div>\n\t\t\t\t<div class=\"elementor-column elementor-col-66 elementor-top-column elementor-element elementor-element-17ddcbb7\" data-id=\"17ddcbb7\" data-element_type=\"column\" data-settings=\"{&quot;background_background&quot;:&quot;classic&quot;}\">\n\t\t\t<div class=\"elementor-widget-wrap elementor-element-populated\">\n\t\t\t\t\t\t<div class=\"elementor-element elementor-element-74bf4af6 elementor-widget elementor-widget-heading\" data-id=\"74bf4af6\" data-element_type=\"widget\" data-widget_type=\"heading.default\">\n\t\t\t\t<div class=\"elementor-widget-container\">\n\t\t\t<h2 class=\"elementor-heading-title elementor-size-default\">MON HISTOIRE<\/h2>\t\t<\/div>\n\t\t\t\t<\/div>\n\t\t\t\t<div class=\"elementor-element elementor-element-2bc8826e elementor-widget elementor-widget-text-editor\" data-id=\"2bc8826e\" data-element_type=\"widget\" data-widget_type=\"text-editor.default\">\n\t\t\t\t<div class=\"elementor-widget-container\">\n\t\t\t\t\t\t\t<p>Je suis n\u00e9e et j'ai grandi au S\u00e9n\u00e9gal, j'ai \u00e9tudi\u00e9 en France et je suis revenue \u00e0 Dakar au milieu de la vingtaine o\u00f9 j'ai commenc\u00e9 ma carri\u00e8re dans le marketing et les ventes pour des entreprises multinationales, voyageant \u00e0 travers le continent africain et travaillant \u00e0 la construction de marques internationales.<\/p><p class=\" translation-block\">Lorsqu'il y a 6 ans, en 2014, nous avons d\u00e9m\u00e9nag\u00e9 avec ma famille \u00e0 Accra, au Ghana, je ne savais pas que j\u2019allais vivre <b>l'exp\u00e9rience la plus difficile de ma vie.<\/b> Je ne savais pas non plus que j'\u00e9tais sur le point de <b>d\u2019\u00e9voluer<\/b> comme je l'ai fait.<\/p><p class=\" translation-block\">Pendant cinq ans, j'ai dirig\u00e9 avec succ\u00e8s l'entreprise familiale, en la faisant \u00e9voluer comme jamais auparavant. J'\u00e9tais mari\u00e9e, j'avais 3 enfants et j\u2019avais une situation financi\u00e8re confortable. J'avais <b>tout<\/b>, du moins pourriez-vous penser en regardant ma situation de l'<b>ext\u00e9rieur. <\/b><\/p><p class=\" translation-block\">La v\u00e9rit\u00e9 \u00e9tait qu\u2019\u00e0 l'<b>int\u00e9rieur<\/b>, j'\u00e9tais profond\u00e9ment <b>malheureuse<\/b> et <b>insatisfaite<\/b> de ma vie.\nLe vide, le manque de sens combin\u00e9s \u00e0 la frustration, l'anxi\u00e9t\u00e9 et le stress \u00e9taient mon quotidien. Il m'a fallu beaucoup de temps pour r\u00e9aliser que <b>je ne vivais pas ma vie selon mes propres termes.<\/b> Je vivais une vie qui avait \u00e9t\u00e9 con\u00e7ue pour moi. Une vie qui me permettrait de m'int\u00e9grer, d'\u00eatre accept\u00e9e dans la soci\u00e9t\u00e9 et qui n'\u00e9branlerait ni les normes ni les conventions sociales.<\/p><p>Mais j'\u00e9touffais. J'avais l'impression d'\u00eatre enchain\u00e9e ou enferm\u00e9e en cage sans aucune possibilit\u00e9 de sortie.<\/p>\t\t\t\t\t\t<\/div>\n\t\t\t\t<\/div>\n\t\t\t\t\t<\/div>\n\t\t<\/div>\n\t\t\t\t\t<\/div>\n\t\t<\/section>\n\t\t\t\t<section class=\"elementor-section elementor-top-section elementor-element elementor-element-2f9af393 elementor-section-full_width elementor-section-height-default elementor-section-height-default\" data-id=\"2f9af393\" data-element_type=\"section\">\n\t\t\t\t\t\t<div class=\"elementor-container elementor-column-gap-default\">\n\t\t\t\t\t<div class=\"elementor-column elementor-col-33 elementor-top-column elementor-element elementor-element-31f04e12\" data-id=\"31f04e12\" data-element_type=\"column\">\n\t\t\t<div class=\"elementor-widget-wrap elementor-element-populated\">\n\t\t\t\t\t\t<div class=\"elementor-element elementor-element-fa3f42 elementor-widget elementor-widget-text-editor\" data-id=\"fa3f42\" data-element_type=\"widget\" data-widget_type=\"text-editor.default\">\n\t\t\t\t<div class=\"elementor-widget-container\">\n\t\t\t\t\t\t\t<p>Cependant, quelque part \u00e0 l\u2019int\u00e9rieur de moi, je savais que je pouvais :<\/p>\t\t\t\t\t\t<\/div>\n\t\t\t\t<\/div>\n\t\t\t\t<div class=\"elementor-element elementor-element-59c3d6d7 elementor-widget elementor-widget-heading\" data-id=\"59c3d6d7\" data-element_type=\"widget\" data-widget_type=\"heading.default\">\n\t\t\t\t<div class=\"elementor-widget-container\">\n\t\t\t<h2 class=\"elementor-heading-title elementor-size-default translation-block\"><b>FAIRE<\/b> PLUS<\/br>\n<b>REALISER<\/b> PLUS <\/br>\n<b>DEVENIR<\/b> PLUS <\/br><\/h2>\t\t<\/div>\n\t\t\t\t<\/div>\n\t\t\t\t\t<\/div>\n\t\t<\/div>\n\t\t\t\t<div class=\"elementor-column elementor-col-33 elementor-top-column elementor-element elementor-element-12a8442d\" data-id=\"12a8442d\" data-element_type=\"column\">\n\t\t\t<div class=\"elementor-widget-wrap elementor-element-populated\">\n\t\t\t\t\t\t<div class=\"elementor-element elementor-element-277aa0a0 elementor-widget elementor-widget-text-editor\" data-id=\"277aa0a0\" data-element_type=\"widget\" data-widget_type=\"text-editor.default\">\n\t\t\t\t<div class=\"elementor-widget-container\">\n\t\t\t\t\t\t\t<p class=\" translation-block\">J\u2019ai alors commenc\u00e9 ma Qu\u00eate, en explorant la th\u00e9rapie, le coaching, les livres, les podcasts. J\u2019ai \u00e9galement pris l\u2019une des meilleures d\u00e9cisions de ma vie: <b>investir sur ma personne et mon bien-\u00eatre.<\/b>  J\u2019ai voyag\u00e9 \u00e0 travers le monde pour assister \u00e0 des s\u00e9minaires de classe mondiale et rapidement, <b>un monde de possibilit\u00e9s<\/b> s\u2019ouvrait \u00e0 moi.<\/p>\n<p class=\" translation-block\">Non seulement j\u2019ai r\u00e9alis\u00e9 que je n\u2019\u00e9tais pas seule sur ce chemin, mais aussi que je ne m\u00e9ritais pas juste de \u00ab m\u2019en sortir \u00bb\u00a0; j'ai appris que je n'avais pas besoin de me sentir aussi malheureuse et qu'il \u00e9tait dans mon <strong>pouvoir<\/strong> de d\u00e9finir ce \u00e0 quoi ressemblerait mon <strong>chemin vers le bonheur et l'\u00e9panouissement<\/strong>. Alors que je commen\u00e7ais \u00e0 changer les choses, je me suis retrouv\u00e9e et j'ai d\u00e9couvert l\u2019<strong>\u00e9tincelle et la passion<\/strong> qui me manquaient.<\/p>\t\t\t\t\t\t<\/div>\n\t\t\t\t<\/div>\n\t\t\t\t\t<\/div>\n\t\t<\/div>\n\t\t\t\t<div class=\"elementor-column elementor-col-33 elementor-top-column elementor-element elementor-element-6248347c\" data-id=\"6248347c\" data-element_type=\"column\">\n\t\t\t<div class=\"elementor-widget-wrap\">\n\t\t\t\t\t\t\t<\/div>\n\t\t<\/div>\n\t\t\t\t\t<\/div>\n\t\t<\/section>\n\t\t\t\t<section class=\"elementor-section elementor-top-section elementor-element elementor-element-6b4b199b elementor-section-full_width elementor-section-height-min-height elementor-section-content-middle elementor-section-height-default elementor-section-items-middle\" data-id=\"6b4b199b\" data-element_type=\"section\">\n\t\t\t\t\t\t<div class=\"elementor-container elementor-column-gap-no\">\n\t\t\t\t\t<div class=\"elementor-column elementor-col-33 elementor-top-column elementor-element elementor-element-696a409\" data-id=\"696a409\" data-element_type=\"column\">\n\t\t\t<div class=\"elementor-widget-wrap elementor-element-populated\">\n\t\t\t\t\t\t<div class=\"elementor-element elementor-element-b8d6e7f elementor-widget elementor-widget-image\" data-id=\"b8d6e7f\" data-element_type=\"widget\" data-widget_type=\"image.default\">\n\t\t\t\t<div class=\"elementor-widget-container\">\n\t\t\t\t\t\t\t\t\t\t\t\t\t<img decoding=\"async\" width=\"700\" height=\"1045\" src=\"https:\/\/sparkafrica.net\/wp-content\/uploads\/2020\/09\/Spark-Leap.jpg\" class=\"attachment-medium_large size-medium_large wp-image-671\" alt=\"\" srcset=\"https:\/\/sparkafrica.net\/wp-content\/uploads\/2020\/09\/Spark-Leap.jpg 700w, https:\/\/sparkafrica.net\/wp-content\/uploads\/2020\/09\/Spark-Leap-201x300.jpg 201w, https:\/\/sparkafrica.net\/wp-content\/uploads\/2020\/09\/Spark-Leap-686x1024.jpg 686w, https:\/\/sparkafrica.net\/wp-content\/uploads\/2020\/09\/Spark-Leap-600x896.jpg 600w\" sizes=\"(max-width: 700px) 100vw, 700px\" \/>\t\t\t\t\t\t\t\t\t\t\t\t\t<\/div>\n\t\t\t\t<\/div>\n\t\t\t\t\t<\/div>\n\t\t<\/div>\n\t\t\t\t<div class=\"elementor-column elementor-col-66 elementor-top-column elementor-element elementor-element-77c0cb46\" data-id=\"77c0cb46\" data-element_type=\"column\" data-settings=\"{&quot;background_background&quot;:&quot;classic&quot;}\">\n\t\t\t<div class=\"elementor-widget-wrap elementor-element-populated\">\n\t\t\t\t\t\t<div class=\"elementor-element elementor-element-ac7f859 elementor-widget elementor-widget-heading\" data-id=\"ac7f859\" data-element_type=\"widget\" data-widget_type=\"heading.default\">\n\t\t\t\t<div class=\"elementor-widget-container\">\n\t\t\t<h2 class=\"elementor-heading-title elementor-size-default\">LE TOURNANT DE MA VIE<\/h2>\t\t<\/div>\n\t\t\t\t<\/div>\n\t\t\t\t<div class=\"elementor-element elementor-element-69463bfc elementor-widget elementor-widget-text-editor\" data-id=\"69463bfc\" data-element_type=\"widget\" data-widget_type=\"text-editor.default\">\n\t\t\t\t<div class=\"elementor-widget-container\">\n\t\t\t\t\t\t\t<p class=\" translation-block\">Il s\u2019est produit lors d'un s\u00e9minaire de coaching d'une semaine pendant lequel j'ai finalement compris que toute ma vie, en r\u00e9alit\u00e9, j'avais \u00e9t\u00e9 motiv\u00e9e par <strong>le contr\u00f4le, la s\u00e9curit\u00e9 et le confort<\/strong> et que ces valeurs \u00e9taient la raison m\u00eame pour laquelle je me sentais si coinc\u00e9e dans une carri\u00e8re et dans des choix de vie qui ne me satisfaisaient pas, mais qui me donnaient la s\u00e9curit\u00e9 dont j'avais tant besoin.<\/p>\n<p class=\" translation-block\">Lorsque j\u2019ai pris conscience de ces choix inconscients, je me suis sentie pr\u00eate \u00e0 reprendre le <strong>contr\u00f4le de ma vie<\/strong> et \u00e0 la red\u00e9finir dans mes propres termes. Cela signifiait \u00eatre pr\u00eate \u00e0 accueillir une autre partie de moi que j'avais refoul\u00e9e depuis trop longtemps et qui avait soif <strong>d'aventure, de risque et de libert\u00e9.<\/strong><\/p>\n<p class=\" translation-block\">Dans mon coeur, j\u2019ai toujours su qu\u2019\u00eatre Life Coach faisait partie de mon ADN et j\u2019\u00e9tais enfin pr\u00eate \u00e0 <b>surmonter mes peurs<\/b> et \u00e0 <b>ouvrir mon c\u0153ur \u00e0 ma mission de vie.<\/b><\/p>\n<p class=\" translation-block\">Le dernier jour du s\u00e9minaire, j'ai <b>conclu un accord avec moi-m\u00eame.<\/b> J'ai d\u00e9cid\u00e9 de <b>changer de carri\u00e8re,<\/b> de quitter une situation confortable dans l\u2019entreprise familiale et de faire le grand saut dans l'inconnu pour commencer \u00e0 vivre la vie de mes r\u00eaves : <b>devenir Life Coach.<\/b><\/p>\n<p class=\" translation-block\">Je peux dire sans aucun doute que le <b>coaching a transform\u00e9 ma vie \u00e0 tous les niveaux<\/b> et, surtout, m'a aid\u00e9 \u00e0 <b>renouer avec mon \u00e9tincelle. <\/b><\/p>\t\t\t\t\t\t<\/div>\n\t\t\t\t<\/div>\n\t\t\t\t\t<\/div>\n\t\t<\/div>\n\t\t\t\t\t<\/div>\n\t\t<\/section>\n\t\t\t\t<section class=\"elementor-section elementor-top-section elementor-element elementor-element-850c884 elementor-section-full_width elementor-section-height-default elementor-section-height-default\" data-id=\"850c884\" data-element_type=\"section\">\n\t\t\t\t\t\t<div class=\"elementor-container elementor-column-gap-default\">\n\t\t\t\t\t<div class=\"elementor-column elementor-col-33 elementor-top-column elementor-element elementor-element-af64bb8\" data-id=\"af64bb8\" data-element_type=\"column\">\n\t\t\t<div class=\"elementor-widget-wrap elementor-element-populated\">\n\t\t\t\t\t\t<div class=\"elementor-element elementor-element-54744af elementor-widget elementor-widget-text-editor\" data-id=\"54744af\" data-element_type=\"widget\" data-widget_type=\"text-editor.default\">\n\t\t\t\t<div class=\"elementor-widget-container\">\n\t\t\t\t\t\t\t<p>Vous avez la capacit\u00e9 et le pouvoir de<\/p>\t\t\t\t\t\t<\/div>\n\t\t\t\t<\/div>\n\t\t\t\t<div class=\"elementor-element elementor-element-d56a885 elementor-widget elementor-widget-heading\" data-id=\"d56a885\" data-element_type=\"widget\" data-widget_type=\"heading.default\">\n\t\t\t\t<div class=\"elementor-widget-container\">\n\t\t\t<h2 class=\"elementor-heading-title elementor-size-default translation-block\"><b>CR\u00c9ER LA VIE<\/br> QUE VOUS VOULEZ<\/br><\/b><\/h2>\t\t<\/div>\n\t\t\t\t<\/div>\n\t\t\t\t\t<\/div>\n\t\t<\/div>\n\t\t\t\t<div class=\"elementor-column elementor-col-33 elementor-top-column elementor-element elementor-element-1e723d3\" data-id=\"1e723d3\" data-element_type=\"column\">\n\t\t\t<div class=\"elementor-widget-wrap elementor-element-populated\">\n\t\t\t\t\t\t<div class=\"elementor-element elementor-element-9d2bd6a elementor-widget elementor-widget-text-editor\" data-id=\"9d2bd6a\" data-element_type=\"widget\" data-widget_type=\"text-editor.default\">\n\t\t\t\t<div class=\"elementor-widget-container\">\n\t\t\t\t\t\t\t<p class=\" translation-block\"><p>Aujourd'hui, ma <strong>mission de vie<\/strong> est de vous inspirer et de vous <strong>aider \u00e0 cr\u00e9er une vie \u00e9panouie et accomplie<\/strong>. Vous avez la capacit\u00e9 et le pouvoir de cr\u00e9er <strong>la vie que vous souhaitez<\/strong>, tant sur le plan <strong>personnel<\/strong> que <strong>professionnel.<\/strong><\/p><\/p><p class=\" translation-block\"><p>En tant qu'entrepreneur et parent occup\u00e9, je connais les difficult\u00e9s que vous pourriez rencontrer dans votre vie. Je sais \u00e0 quel point les <strong>transitions de vie peuvent \u00eatre difficiles \u00e0 g\u00e9rer.<\/strong> Dans ma pratique de coaching, je fournis les <strong>outils, les strat\u00e9gies et le soutien<\/strong> pour vous aider \u00e0 <strong>d\u00e9couvrir votre \u00e9tincelle, lib\u00e9rer votre potentiel <\/strong>et vivre <strong>heureux et combl\u00e9.<\/strong><\/p><\/p>\t\t\t\t\t\t<\/div>\n\t\t\t\t<\/div>\n\t\t\t\t\t<\/div>\n\t\t<\/div>\n\t\t\t\t<div class=\"elementor-column elementor-col-33 elementor-top-column elementor-element elementor-element-71c62fe\" data-id=\"71c62fe\" data-element_type=\"column\">\n\t\t\t<div class=\"elementor-widget-wrap\">\n\t\t\t\t\t\t\t<\/div>\n\t\t<\/div>\n\t\t\t\t\t<\/div>\n\t\t<\/section>\n\t\t\t\t<section class=\"elementor-section elementor-top-section elementor-element elementor-element-197cf7da elementor-section-boxed elementor-section-height-default elementor-section-height-default\" data-id=\"197cf7da\" data-element_type=\"section\" data-settings=\"{&quot;background_background&quot;:&quot;classic&quot;}\">\n\t\t\t\t\t\t<div class=\"elementor-container elementor-column-gap-default\">\n\t\t\t\t\t<div class=\"elementor-column elementor-col-100 elementor-top-column elementor-element elementor-element-2e47a965\" data-id=\"2e47a965\" data-element_type=\"column\">\n\t\t\t<div class=\"elementor-widget-wrap elementor-element-populated\">\n\t\t\t\t\t\t<div class=\"elementor-element elementor-element-4562d86b elementor-widget elementor-widget-heading\" data-id=\"4562d86b\" data-element_type=\"widget\" data-widget_type=\"heading.default\">\n\t\t\t\t<div class=\"elementor-widget-container\">\n\t\t\t<h2 class=\"elementor-heading-title elementor-size-default\">PROCHAINES ETAPES<\/h2>\t\t<\/div>\n\t\t\t\t<\/div>\n\t\t\t\t<section class=\"elementor-section elementor-inner-section elementor-element elementor-element-7ae949f elementor-section-boxed elementor-section-height-default elementor-section-height-default\" data-id=\"7ae949f\" data-element_type=\"section\">\n\t\t\t\t\t\t<div class=\"elementor-container elementor-column-gap-default\">\n\t\t\t\t\t<div class=\"elementor-column elementor-col-50 elementor-inner-column elementor-element elementor-element-ef884ec\" data-id=\"ef884ec\" data-element_type=\"column\">\n\t\t\t<div class=\"elementor-widget-wrap elementor-element-populated\">\n\t\t\t\t\t\t<div class=\"elementor-element elementor-element-36b5662 elementor-align-justify elementor-widget elementor-widget-button\" data-id=\"36b5662\" data-element_type=\"widget\" data-widget_type=\"button.default\">\n\t\t\t\t<div class=\"elementor-widget-container\">\n\t\t\t\t\t<div class=\"elementor-button-wrapper\">\n\t\t\t<a class=\"elementor-button elementor-button-link elementor-size-sm\" href=\"https:\/\/sparkafrica.net\/fr\/about-spark\/\">\n\t\t\t\t\t\t<span class=\"elementor-button-content-wrapper\">\n\t\t\t\t\t\t<span class=\"elementor-button-text\">EN SAVOIR PLUS SUR SPARK<\/span>\n\t\t<\/span>\n\t\t\t\t\t<\/a>\n\t\t<\/div>\n\t\t\t\t<\/div>\n\t\t\t\t<\/div>\n\t\t\t\t\t<\/div>\n\t\t<\/div>\n\t\t\t\t<div class=\"elementor-column elementor-col-50 elementor-inner-column elementor-element elementor-element-1d75c11\" data-id=\"1d75c11\" data-element_type=\"column\">\n\t\t\t<div class=\"elementor-widget-wrap elementor-element-populated\">\n\t\t\t\t\t\t<div class=\"elementor-element elementor-element-257894ef elementor-align-justify elementor-widget elementor-widget-button\" data-id=\"257894ef\" data-element_type=\"widget\" data-widget_type=\"button.default\">\n\t\t\t\t<div class=\"elementor-widget-container\">\n\t\t\t\t\t<div class=\"elementor-button-wrapper\">\n\t\t\t<a class=\"elementor-button elementor-button-link elementor-size-sm\" href=\"https:\/\/sparkafrica.net\/fr\/book-free-session\/\">\n\t\t\t\t\t\t<span class=\"elementor-button-content-wrapper\">\n\t\t\t\t\t\t<span class=\"elementor-button-text\">RESERVEZ VOTRE SESSION DE COACHING GRATUITE<\/span>\n\t\t<\/span>\n\t\t\t\t\t<\/a>\n\t\t<\/div>\n\t\t\t\t<\/div>\n\t\t\t\t<\/div>\n\t\t\t\t\t<\/div>\n\t\t<\/div>\n\t\t\t\t\t<\/div>\n\t\t<\/section>\n\t\t\t\t\t<\/div>\n\t\t<\/div>\n\t\t\t\t\t<\/div>\n\t\t<\/section>\n\t\t\t\t<section class=\"elementor-section elementor-top-section elementor-element elementor-element-10365c32 elementor-section-boxed elementor-section-height-default elementor-section-height-default\" data-id=\"10365c32\" data-element_type=\"section\">\n\t\t\t\t\t\t<div class=\"elementor-container elementor-column-gap-default\">\n\t\t\t\t\t<div class=\"elementor-column elementor-col-50 elementor-top-column elementor-element elementor-element-7417acfb\" data-id=\"7417acfb\" data-element_type=\"column\">\n\t\t\t<div class=\"elementor-widget-wrap\">\n\t\t\t\t\t\t\t<\/div>\n\t\t<\/div>\n\t\t\t\t<div class=\"elementor-column elementor-col-50 elementor-top-column elementor-element elementor-element-4b903f28\" data-id=\"4b903f28\" data-element_type=\"column\">\n\t\t\t<div class=\"elementor-widget-wrap\">\n\t\t\t\t\t\t\t<\/div>\n\t\t<\/div>\n\t\t\t\t\t<\/div>\n\t\t<\/section>\n\t\t\t\t<\/div>","protected":false},"excerpt":{"rendered":"<p>WHERE ARE YOU FROM? People often ask me: Where are you from\u201d? and when I answer \u201cDakar, Senegal\u201d, they look surprised. They want to know more: well, I am Lebanese, French-educated and my family has been living in Africa for the past 4 generations. This multicultural background taught me a lot about diversity, tolerance and &#8230; <a title=\"About\" class=\"read-more\" href=\"https:\/\/sparkafrica.net\/fr\/about\/\" aria-label=\"More on About\">Read more<\/a><\/p>","protected":false},"author":2,"featured_media":0,"parent":0,"menu_order":0,"comment_status":"closed","ping_status":"closed","template":"elementor_header_footer","meta":{"_monsterinsights_skip_tracking":false,"_monsterinsights_sitenote_active":false,"_monsterinsights_sitenote_note":"","_monsterinsights_sitenote_category":0,"footnotes":""},"_links":{"self":[{"href":"https:\/\/sparkafrica.net\/fr\/wp-json\/wp\/v2\/pages\/29"}],"collection":[{"href":"https:\/\/sparkafrica.net\/fr\/wp-json\/wp\/v2\/pages"}],"about":[{"href":"https:\/\/sparkafrica.net\/fr\/wp-json\/wp\/v2\/types\/page"}],"author":[{"embeddable":true,"href":"https:\/\/sparkafrica.net\/fr\/wp-json\/wp\/v2\/users\/2"}],"replies":[{"embeddable":true,"href":"https:\/\/sparkafrica.net\/fr\/wp-json\/wp\/v2\/comments?post=29"}],"version-history":[{"count":24,"href":"https:\/\/sparkafrica.net\/fr\/wp-json\/wp\/v2\/pages\/29\/revisions"}],"predecessor-version":[{"id":3918,"href":"https:\/\/sparkafrica.net\/fr\/wp-json\/wp\/v2\/pages\/29\/revisions\/3918"}],"wp:attachment":[{"href":"https:\/\/sparkafrica.net\/fr\/wp-json\/wp\/v2\/media?parent=29"}],"curies":[{"name":"wp","href":"https:\/\/api.w.org\/{rel}","templated":true}]}}